{"id":17235525,"date":"2026-02-27T17:19:53","date_gmt":"2026-02-27T17:19:53","guid":{"rendered":"https:\/\/sintesisdigital.capitalstudio.pe\/?post_type=product&#038;p=17235525"},"modified":"2026-03-31T23:46:32","modified_gmt":"2026-03-31T23:46:32","slug":"photography-8","status":"publish","type":"product","link":"https:\/\/sintesisdigital.capitalstudio.pe\/en\/obra\/photography-8\/","title":{"rendered":"Photography 8"},"content":{"rendered":"<p>El di\u00e1logo entre humanidad y tecnolog\u00eda Tras ocho a\u00f1os de silencio expositivo desde \u201cSECUENCIAS\u201d, Daniel Dicenta Herrera present\u00f3 \u201cEVOLUTIONS\u201d, una instalaci\u00f3n multidisciplinar que marc\u00f3 un hito en su trayectoria art\u00edstica. Esta colecci\u00f3n fusion\u00f3 fotograf\u00eda, v\u00eddeo y realidad virtual para explorar las complejas relaciones entre el ser humano y la tecnolog\u00eda que. El di\u00e1logo entre humanidad y tecnolog\u00eda Tras ocho a\u00f1os de silencio expositivo desde \u201cSECUENCIAS\u201d, Daniel Dicenta Herrera present\u00f3 \u201cEVOLUTIONS\u201d, una instalaci\u00f3n multidisciplinar que marc\u00f3 un hito en su trayectoria art\u00edstica. Esta colecci\u00f3n fusion\u00f3 fotograf\u00eda, v\u00eddeo y realidad virtual para explorar las complejas relaciones entre el ser humano y la tecnolog\u00eda que<\/p>","protected":false},"excerpt":{"rendered":"<p>El di\u00e1logo entre humanidad y tecnolog\u00eda Tras ocho a\u00f1os de silencio expositivo desde \u201cSECUENCIAS\u201d, Daniel Dicenta Herrera present\u00f3 \u201cEVOLUTIONS\u201d, una instalaci\u00f3n multidisciplinar que marc\u00f3 un hito en su trayectoria art\u00edstica. Esta colecci\u00f3n fusion\u00f3 fotograf\u00eda, v\u00eddeo y realidad virtual para explorar las complejas relaciones entre el ser humano y la tecnolog\u00eda que. El di\u00e1logo entre humanidad [&hellip;]<\/p>\n","protected":false},"featured_media":17235501,"comment_status":"open","ping_status":"closed","template":"","meta":{"_acf_changed":false,"_et_pb_use_builder":"","_et_pb_old_content":"","_et_gb_content_width":""},"artista":[19],"coleccion":[21],"product_brand":[],"product_cat":[58],"product_tag":[],"class_list":{"0":"post-17235525","1":"product","2":"type-product","3":"status-publish","4":"has-post-thumbnail","6":"artista-su-amaya","7":"coleccion-museums","8":"product_cat-artes-escenicas","10":"first","11":"instock","12":"shipping-taxable","13":"purchasable","14":"product-type-variable"},"acf":[],"_links":{"self":[{"href":"https:\/\/sintesisdigital.capitalstudio.pe\/en\/wp-json\/wp\/v2\/product\/17235525","targetHints":{"allow":["GET"]}}],"collection":[{"href":"https:\/\/sintesisdigital.capitalstudio.pe\/en\/wp-json\/wp\/v2\/product"}],"about":[{"href":"https:\/\/sintesisdigital.capitalstudio.pe\/en\/wp-json\/wp\/v2\/types\/product"}],"replies":[{"embeddable":true,"href":"https:\/\/sintesisdigital.capitalstudio.pe\/en\/wp-json\/wp\/v2\/comments?post=17235525"}],"wp:featuredmedia":[{"embeddable":true,"href":"https:\/\/sintesisdigital.capitalstudio.pe\/en\/wp-json\/wp\/v2\/media\/17235501"}],"wp:attachment":[{"href":"https:\/\/sintesisdigital.capitalstudio.pe\/en\/wp-json\/wp\/v2\/media?parent=17235525"}],"wp:term":[{"taxonomy":"artista","embeddable":true,"href":"https:\/\/sintesisdigital.capitalstudio.pe\/en\/wp-json\/wp\/v2\/artista?post=17235525"},{"taxonomy":"coleccion","embeddable":true,"href":"https:\/\/sintesisdigital.capitalstudio.pe\/en\/wp-json\/wp\/v2\/coleccion?post=17235525"},{"taxonomy":"product_brand","embeddable":true,"href":"https:\/\/sintesisdigital.capitalstudio.pe\/en\/wp-json\/wp\/v2\/product_brand?post=17235525"},{"taxonomy":"product_cat","embeddable":true,"href":"https:\/\/sintesisdigital.capitalstudio.pe\/en\/wp-json\/wp\/v2\/product_cat?post=17235525"},{"taxonomy":"product_tag","embeddable":true,"href":"https:\/\/sintesisdigital.capitalstudio.pe\/en\/wp-json\/wp\/v2\/product_tag?post=17235525"}],"curies":[{"name":"wp","href":"https:\/\/api.w.org\/{rel}","templated":true}]}}