{"id":17235512,"date":"2026-02-27T17:08:30","date_gmt":"2026-02-27T17:08:30","guid":{"rendered":"https:\/\/sintesisdigital.capitalstudio.pe\/?post_type=product&#038;p=17235512"},"modified":"2026-03-31T23:46:32","modified_gmt":"2026-03-31T23:46:32","slug":"photography-12","status":"publish","type":"product","link":"https:\/\/sintesisdigital.capitalstudio.pe\/en\/obra\/photography-12\/","title":{"rendered":"Photography 12"},"content":{"rendered":"<p>El di\u00e1logo entre humanidad y tecnolog\u00eda Tras ocho a\u00f1os de silencio expositivo desde \u00abSECUENCIAS\u00bb, Daniel Dicenta Herrera present\u00f3 \u00abEVOLUTIONS\u00bb, una instalaci\u00f3n multidisciplinar que marc\u00f3 un hito en su trayectoria art\u00edstica. Esta colecci\u00f3n fusion\u00f3 fotograf\u00eda, v\u00eddeo y realidad virtual para explorar las complejas relaciones entre el ser humano y la tecnolog\u00eda que. El di\u00e1logo entre humanidad y tecnolog\u00eda Tras ocho a\u00f1os de silencio expositivo desde \u00abSECUENCIAS\u00bb, Daniel Dicenta Herrera present\u00f3 \u00abEVOLUTIONS\u00bb, una instalaci\u00f3n multidisciplinar que marc\u00f3 un hito en su trayectoria art\u00edstica. Esta colecci\u00f3n fusion\u00f3 fotograf\u00eda, v\u00eddeo y realidad virtual para explorar las complejas relaciones entre el ser humano y la tecnolog\u00eda que<\/p>","protected":false},"excerpt":{"rendered":"<p>El di\u00e1logo entre humanidad y tecnolog\u00eda Tras ocho a\u00f1os de silencio expositivo desde \u00abSECUENCIAS\u00bb, Daniel Dicenta Herrera present\u00f3 \u00abEVOLUTIONS\u00bb, una instalaci\u00f3n multidisciplinar que marc\u00f3 un hito en su trayectoria art\u00edstica. Esta colecci\u00f3n fusion\u00f3 fotograf\u00eda, v\u00eddeo y realidad virtual para explorar las complejas relaciones entre el ser humano y la tecnolog\u00eda que. El di\u00e1logo entre humanidad [&hellip;]<\/p>\n","protected":false},"featured_media":324,"comment_status":"open","ping_status":"closed","template":"","meta":{"_acf_changed":false,"_et_pb_use_builder":"","_et_pb_old_content":"","_et_gb_content_width":""},"artista":[59],"coleccion":[63],"product_brand":[],"product_cat":[24],"product_tag":[],"class_list":{"0":"post-17235512","1":"product","2":"type-product","3":"status-publish","4":"has-post-thumbnail","6":"artista-leonardo-da-vinci","7":"coleccion-renacimiento","8":"product_cat-escultura","10":"first","11":"instock","12":"shipping-taxable","13":"purchasable","14":"product-type-variable"},"acf":[],"_links":{"self":[{"href":"https:\/\/sintesisdigital.capitalstudio.pe\/en\/wp-json\/wp\/v2\/product\/17235512","targetHints":{"allow":["GET"]}}],"collection":[{"href":"https:\/\/sintesisdigital.capitalstudio.pe\/en\/wp-json\/wp\/v2\/product"}],"about":[{"href":"https:\/\/sintesisdigital.capitalstudio.pe\/en\/wp-json\/wp\/v2\/types\/product"}],"replies":[{"embeddable":true,"href":"https:\/\/sintesisdigital.capitalstudio.pe\/en\/wp-json\/wp\/v2\/comments?post=17235512"}],"wp:featuredmedia":[{"embeddable":true,"href":"https:\/\/sintesisdigital.capitalstudio.pe\/en\/wp-json\/wp\/v2\/media\/324"}],"wp:attachment":[{"href":"https:\/\/sintesisdigital.capitalstudio.pe\/en\/wp-json\/wp\/v2\/media?parent=17235512"}],"wp:term":[{"taxonomy":"artista","embeddable":true,"href":"https:\/\/sintesisdigital.capitalstudio.pe\/en\/wp-json\/wp\/v2\/artista?post=17235512"},{"taxonomy":"coleccion","embeddable":true,"href":"https:\/\/sintesisdigital.capitalstudio.pe\/en\/wp-json\/wp\/v2\/coleccion?post=17235512"},{"taxonomy":"product_brand","embeddable":true,"href":"https:\/\/sintesisdigital.capitalstudio.pe\/en\/wp-json\/wp\/v2\/product_brand?post=17235512"},{"taxonomy":"product_cat","embeddable":true,"href":"https:\/\/sintesisdigital.capitalstudio.pe\/en\/wp-json\/wp\/v2\/product_cat?post=17235512"},{"taxonomy":"product_tag","embeddable":true,"href":"https:\/\/sintesisdigital.capitalstudio.pe\/en\/wp-json\/wp\/v2\/product_tag?post=17235512"}],"curies":[{"name":"wp","href":"https:\/\/api.w.org\/{rel}","templated":true}]}}